{"id":8817,"date":"2021-10-26T12:20:11","date_gmt":"2021-10-26T12:20:11","guid":{"rendered":"https:\/\/swisslearning.com\/?page_id=8817"},"modified":"2021-10-26T12:23:16","modified_gmt":"2021-10-26T12:23:16","slug":"terms-conditions","status":"publish","type":"page","link":"https:\/\/stage.swisslearning.com\/pt\/terms-conditions\/","title":{"rendered":"termos e Condi\u00e7\u00f5es"},"content":{"rendered":"<div data-elementor-type=\"wp-page\" data-elementor-id=\"8817\" class=\"elementor elementor-8817\" data-elementor-post-type=\"page\">\n\t\t\t\t\t\t<section class=\"elementor-section elementor-top-section elementor-element elementor-element-86147fa elementor-section-boxed elementor-section-height-default elementor-section-height-default\" data-id=\"86147fa\" data-element_type=\"section\" data-e-type=\"section\">\n\t\t\t\t\t\t<div class=\"elementor-container elementor-column-gap-default\">\n\t\t\t\t\t<div class=\"elementor-column elementor-col-100 elementor-top-column elementor-element elementor-element-04a809e\" data-id=\"04a809e\" data-element_type=\"column\" data-e-type=\"column\">\n\t\t\t<div class=\"elementor-widget-wrap elementor-element-populated\">\n\t\t\t\t\t\t<div class=\"elementor-element elementor-element-b572f25 elementor-widget elementor-widget-spacer\" data-id=\"b572f25\" data-element_type=\"widget\" data-e-type=\"widget\" data-widget_type=\"spacer.default\">\n\t\t\t\t<div class=\"elementor-widget-container\">\n\t\t\t\t\t\t\t<div class=\"elementor-spacer\">\n\t\t\t<div class=\"elementor-spacer-inner\"><\/div>\n\t\t<\/div>\n\t\t\t\t\t\t<\/div>\n\t\t\t\t<\/div>\n\t\t\t\t<div class=\"elementor-element elementor-element-b87a1c7 elementor-widget elementor-widget-heading\" data-id=\"b87a1c7\" data-element_type=\"widget\" data-e-type=\"widget\" data-widget_type=\"heading.default\">\n\t\t\t\t<div class=\"elementor-widget-container\">\n\t\t\t\t\t<h2 class=\"elementor-heading-title elementor-size-default\">TERMOS E CONDI\u00c7\u00d5ES DA SWISS LEARNING<\/h2>\t\t\t\t<\/div>\n\t\t\t\t<\/div>\n\t\t\t\t<div class=\"elementor-element elementor-element-87468a0 elementor-widget elementor-widget-text-editor\" data-id=\"87468a0\" data-element_type=\"widget\" data-e-type=\"widget\" data-widget_type=\"text-editor.default\">\n\t\t\t\t<div class=\"elementor-widget-container\">\n\t\t\t\t\t\t\t\t\t<p>Editora: Swiss Learning<br \/>Empresa: Swiss Learning<br \/>Formul\u00e1rio Legal: Swiss Learning SA<br \/>Localiza\u00e7\u00e3o: Genebra<br \/>Endere\u00e7o da empresa: Swiss Learning SA 10 chemin des Gotettes, 1245 COLLONGE-BELLERIVE<\/p><p>Telefone: +41 22 723 20 00<br \/>Email:\u00a0info@swisslearning.com<\/p><p>Copyright: Os direitos autorais de qualquer material criado pela Swiss Learning e seus autores s\u00e3o reservados. Qualquer duplica\u00e7\u00e3o ou uso de objetos como imagens, diagramas, sons ou textos em outras publica\u00e7\u00f5es eletr\u00f4nicas ou impressas n\u00e3o \u00e9 permitida sem a autoriza\u00e7\u00e3o pr\u00e9via e por escrito dos autores.<\/p><p>Cr\u00e9ditos das fotos: Swiss Learning<\/p><p><strong>Pol\u00edtica de privacidade de aprendizagem su\u00ed\u00e7a<br \/><\/strong><br \/>Coleta de dados pessoais: Quando voc\u00ea visita nosso site e envia um formul\u00e1rio de contato, coletamos dados pessoais para encontrar a escola certa para o seu filho. Esses dados ser\u00e3o usados apenas pela Swiss Learning e suas escolas membros com o seu consentimento pr\u00e9vio por escrito.<\/p><p>Finalidade para a qual os dados pessoais ser\u00e3o usados: Seus dados pessoais ser\u00e3o usados para se comunicar com voc\u00ea e enviar informa\u00e7\u00f5es relacionadas \u00e0s escolas membros do Swiss Learning. N\u00e3o compartilhamos suas informa\u00e7\u00f5es pessoais com terceiros sem sua aprova\u00e7\u00e3o pr\u00e9via por escrito.<\/p><p>Privacidade: Nosso formul\u00e1rio de contato usa a tecnologia Zoho CRM para coletar, analisar e salvar dados para fins de otimiza\u00e7\u00e3o e marketing. Voc\u00ea pode optar por remover seus dados enviando-nos um e-mail.<\/p>\t\t\t\t\t\t\t\t<\/div>\n\t\t\t\t<\/div>\n\t\t\t\t\t<\/div>\n\t\t<\/div>\n\t\t\t\t\t<\/div>\n\t\t<\/section>\n\t\t\t\t<\/div>","protected":false},"excerpt":{"rendered":"<p>SWISS LEARNING TERMS &#038; CONDITIONS Publisher: Swiss LearningCompany: Swiss LearningLegal Form: Swiss Learning SALocation: GenevaCompany Address: Swiss Learning SA 10 chemin des Gotettes, 1245 COLLONGE-BELLERIVE Telephone: +41 22 723 20 00Email:\u00a0info@swisslearning.com Copyright: The copyright for any material created by Swiss Learning and the authors is reserved. Any duplication or use of objects such as images, [&hellip;]<\/p>\n","protected":false},"author":1,"featured_media":0,"parent":0,"menu_order":0,"comment_status":"closed","ping_status":"closed","template":"","meta":{"footnotes":""},"class_list":["post-8817","page","type-page","status-publish","hentry"],"yoast_head":"<!-- This site is optimized with the Yoast SEO plugin v27.3 - https:\/\/yoast.com\/product\/yoast-seo-wordpress\/ -->\n<title>terms-conditions - Swiss Learning<\/title>\n<meta name=\"robots\" content=\"noindex, follow, max-snippet:-1, max-image-preview:large, max-video-preview:-1\" \/>\n<meta property=\"og:locale\" content=\"pt_BR\" \/>\n<meta property=\"og:type\" content=\"article\" \/>\n<meta property=\"og:title\" content=\"terms-conditions - Swiss Learning\" \/>\n<meta property=\"og:description\" content=\"SWISS LEARNING TERMS &#038; CONDITIONS Publisher: Swiss LearningCompany: Swiss LearningLegal Form: Swiss Learning SALocation: GenevaCompany Address: Swiss Learning SA 10 chemin des Gotettes, 1245 COLLONGE-BELLERIVE Telephone: +41 22 723 20 00Email:\u00a0info@swisslearning.com Copyright: The copyright for any material created by Swiss Learning and the authors is reserved. Any duplication or use of objects such as images, [&hellip;]\" \/>\n<meta property=\"og:url\" content=\"https:\/\/stage.swisslearning.com\/pt\/terms-conditions\/\" \/>\n<meta property=\"og:site_name\" content=\"Swiss Learning\" \/>\n<meta property=\"article:publisher\" content=\"https:\/\/www.facebook.com\/swisslearning\" \/>\n<meta property=\"article:modified_time\" content=\"2021-10-26T12:23:16+00:00\" \/>\n<meta name=\"twitter:card\" content=\"summary_large_image\" \/>\n<meta name=\"twitter:label1\" content=\"Est. tempo de leitura\" \/>\n\t<meta name=\"twitter:data1\" content=\"1 minuto\" \/>\n<script type=\"application\/ld+json\" class=\"yoast-schema-graph\">{\"@context\":\"https:\\\/\\\/schema.org\",\"@graph\":[{\"@type\":\"WebPage\",\"@id\":\"https:\\\/\\\/stage.swisslearning.com\\\/pt\\\/terms-conditions\\\/\",\"url\":\"https:\\\/\\\/stage.swisslearning.com\\\/pt\\\/terms-conditions\\\/\",\"name\":\"terms-conditions - Swiss Learning\",\"isPartOf\":{\"@id\":\"https:\\\/\\\/stage.swisslearning.com\\\/#website\"},\"datePublished\":\"2021-10-26T12:20:11+00:00\",\"dateModified\":\"2021-10-26T12:23:16+00:00\",\"breadcrumb\":{\"@id\":\"https:\\\/\\\/stage.swisslearning.com\\\/pt\\\/terms-conditions\\\/#breadcrumb\"},\"inLanguage\":\"pt-BR\",\"potentialAction\":[{\"@type\":\"ReadAction\",\"target\":[\"https:\\\/\\\/stage.swisslearning.com\\\/pt\\\/terms-conditions\\\/\"]}]},{\"@type\":\"BreadcrumbList\",\"@id\":\"https:\\\/\\\/stage.swisslearning.com\\\/pt\\\/terms-conditions\\\/#breadcrumb\",\"itemListElement\":[{\"@type\":\"ListItem\",\"position\":1,\"name\":\"Home\",\"item\":\"https:\\\/\\\/stage.swisslearning.com\\\/\"},{\"@type\":\"ListItem\",\"position\":2,\"name\":\"terms-conditions\"}]},{\"@type\":\"WebSite\",\"@id\":\"https:\\\/\\\/stage.swisslearning.com\\\/#website\",\"url\":\"https:\\\/\\\/stage.swisslearning.com\\\/\",\"name\":\"Swiss Learning\",\"description\":\"BOARDING SCHOOLS, HOTEL MANAGEMENT SCHOOLS AND CAMPS IN SWITZERLAND\",\"publisher\":{\"@id\":\"https:\\\/\\\/stage.swisslearning.com\\\/#organization\"},\"potentialAction\":[{\"@type\":\"SearchAction\",\"target\":{\"@type\":\"EntryPoint\",\"urlTemplate\":\"https:\\\/\\\/stage.swisslearning.com\\\/?s={search_term_string}\"},\"query-input\":{\"@type\":\"PropertyValueSpecification\",\"valueRequired\":true,\"valueName\":\"search_term_string\"}}],\"inLanguage\":\"pt-BR\"},{\"@type\":\"Organization\",\"@id\":\"https:\\\/\\\/stage.swisslearning.com\\\/#organization\",\"name\":\"Swiss Learning\",\"url\":\"https:\\\/\\\/stage.swisslearning.com\\\/\",\"logo\":{\"@type\":\"ImageObject\",\"inLanguage\":\"pt-BR\",\"@id\":\"https:\\\/\\\/stage.swisslearning.com\\\/#\\\/schema\\\/logo\\\/image\\\/\",\"url\":\"https:\\\/\\\/stage.swisslearning.com\\\/wp-content\\\/uploads\\\/2021\\\/06\\\/swiss-learning_logo.svg\",\"contentUrl\":\"https:\\\/\\\/stage.swisslearning.com\\\/wp-content\\\/uploads\\\/2021\\\/06\\\/swiss-learning_logo.svg\",\"width\":208,\"height\":56,\"caption\":\"Swiss Learning\"},\"image\":{\"@id\":\"https:\\\/\\\/stage.swisslearning.com\\\/#\\\/schema\\\/logo\\\/image\\\/\"},\"sameAs\":[\"https:\\\/\\\/www.facebook.com\\\/swisslearning\",\"https:\\\/\\\/www.instagram.com\\\/swisslearning\\\/\",\"https:\\\/\\\/www.linkedin.com\\\/company\\\/35552129\\\/admin\\\/\"]}]}<\/script>\n<!-- \/ Yoast SEO plugin. -->","yoast_head_json":{"title":"termos-condi\u00e7\u00f5es - Swiss Learning","robots":{"index":"noindex","follow":"follow","max-snippet":"max-snippet:-1","max-image-preview":"max-image-preview:large","max-video-preview":"max-video-preview:-1"},"og_locale":"pt_BR","og_type":"article","og_title":"terms-conditions - Swiss Learning","og_description":"SWISS LEARNING TERMS &#038; CONDITIONS Publisher: Swiss LearningCompany: Swiss LearningLegal Form: Swiss Learning SALocation: GenevaCompany Address: Swiss Learning SA 10 chemin des Gotettes, 1245 COLLONGE-BELLERIVE Telephone: +41 22 723 20 00Email:\u00a0info@swisslearning.com Copyright: The copyright for any material created by Swiss Learning and the authors is reserved. Any duplication or use of objects such as images, [&hellip;]","og_url":"https:\/\/stage.swisslearning.com\/pt\/terms-conditions\/","og_site_name":"Swiss Learning","article_publisher":"https:\/\/www.facebook.com\/swisslearning","article_modified_time":"2021-10-26T12:23:16+00:00","twitter_card":"summary_large_image","twitter_misc":{"Est. tempo de leitura":"1 minuto"},"schema":{"@context":"https:\/\/schema.org","@graph":[{"@type":"WebPage","@id":"https:\/\/stage.swisslearning.com\/pt\/terms-conditions\/","url":"https:\/\/stage.swisslearning.com\/pt\/terms-conditions\/","name":"termos-condi\u00e7\u00f5es - Swiss Learning","isPartOf":{"@id":"https:\/\/stage.swisslearning.com\/#website"},"datePublished":"2021-10-26T12:20:11+00:00","dateModified":"2021-10-26T12:23:16+00:00","breadcrumb":{"@id":"https:\/\/stage.swisslearning.com\/pt\/terms-conditions\/#breadcrumb"},"inLanguage":"pt-BR","potentialAction":[{"@type":"ReadAction","target":["https:\/\/stage.swisslearning.com\/pt\/terms-conditions\/"]}]},{"@type":"BreadcrumbList","@id":"https:\/\/stage.swisslearning.com\/pt\/terms-conditions\/#breadcrumb","itemListElement":[{"@type":"ListItem","position":1,"name":"Home","item":"https:\/\/stage.swisslearning.com\/"},{"@type":"ListItem","position":2,"name":"terms-conditions"}]},{"@type":"WebSite","@id":"https:\/\/stage.swisslearning.com\/#website","url":"https:\/\/stage.swisslearning.com\/","name":"Swiss Learning","description":"ESCOLAS DE EMBARQUE, ESCOLAS DE GEST\u00c3O DE HOTELARIA E CAMPS NA SU\u00cd\u00c7A","publisher":{"@id":"https:\/\/stage.swisslearning.com\/#organization"},"potentialAction":[{"@type":"SearchAction","target":{"@type":"EntryPoint","urlTemplate":"https:\/\/stage.swisslearning.com\/?s={search_term_string}"},"query-input":{"@type":"PropertyValueSpecification","valueRequired":true,"valueName":"search_term_string"}}],"inLanguage":"pt-BR"},{"@type":"Organization","@id":"https:\/\/stage.swisslearning.com\/#organization","name":"Swiss Learning","url":"https:\/\/stage.swisslearning.com\/","logo":{"@type":"ImageObject","inLanguage":"pt-BR","@id":"https:\/\/stage.swisslearning.com\/#\/schema\/logo\/image\/","url":"https:\/\/stage.swisslearning.com\/wp-content\/uploads\/2021\/06\/swiss-learning_logo.svg","contentUrl":"https:\/\/stage.swisslearning.com\/wp-content\/uploads\/2021\/06\/swiss-learning_logo.svg","width":208,"height":56,"caption":"Swiss Learning"},"image":{"@id":"https:\/\/stage.swisslearning.com\/#\/schema\/logo\/image\/"},"sameAs":["https:\/\/www.facebook.com\/swisslearning","https:\/\/www.instagram.com\/swisslearning\/","https:\/\/www.linkedin.com\/company\/35552129\/admin\/"]}]}},"_links":{"self":[{"href":"https:\/\/stage.swisslearning.com\/pt\/wp-json\/wp\/v2\/pages\/8817","targetHints":{"allow":["GET"]}}],"collection":[{"href":"https:\/\/stage.swisslearning.com\/pt\/wp-json\/wp\/v2\/pages"}],"about":[{"href":"https:\/\/stage.swisslearning.com\/pt\/wp-json\/wp\/v2\/types\/page"}],"author":[{"embeddable":true,"href":"https:\/\/stage.swisslearning.com\/pt\/wp-json\/wp\/v2\/users\/1"}],"replies":[{"embeddable":true,"href":"https:\/\/stage.swisslearning.com\/pt\/wp-json\/wp\/v2\/comments?post=8817"}],"version-history":[{"count":7,"href":"https:\/\/stage.swisslearning.com\/pt\/wp-json\/wp\/v2\/pages\/8817\/revisions"}],"predecessor-version":[{"id":8824,"href":"https:\/\/stage.swisslearning.com\/pt\/wp-json\/wp\/v2\/pages\/8817\/revisions\/8824"}],"wp:attachment":[{"href":"https:\/\/stage.swisslearning.com\/pt\/wp-json\/wp\/v2\/media?parent=8817"}],"curies":[{"name":"wp","href":"https:\/\/api.w.org\/{rel}","templated":true}]}}