{"id":7462,"date":"2021-08-02T04:38:18","date_gmt":"2021-08-02T04:38:18","guid":{"rendered":"https:\/\/swissexcellence.ch\/?page_id=7462"},"modified":"2025-03-12T13:49:54","modified_gmt":"2025-03-12T13:49:54","slug":"brillantmont-international-school","status":"publish","type":"page","link":"https:\/\/stage.swisslearning.com\/pt\/brillantmont-international-school\/","title":{"rendered":"Brillantmont International School"},"content":{"rendered":"<div data-elementor-type=\"wp-page\" data-elementor-id=\"7462\" class=\"elementor elementor-7462\" data-elementor-post-type=\"page\">\n\t\t\t\t\t\t<section class=\"elementor-section elementor-top-section elementor-element elementor-element-2ff39f2 elementor-section-full_width elementor-section-content-top elementor-section-height-default elementor-section-height-default\" data-id=\"2ff39f2\" data-element_type=\"section\" data-e-type=\"section\" data-settings=\"{&quot;background_background&quot;:&quot;classic&quot;}\">\n\t\t\t\t\t\t<div class=\"elementor-container elementor-column-gap-default\">\n\t\t\t\t\t<div class=\"elementor-column elementor-col-100 elementor-top-column elementor-element elementor-element-d5c1cff\" data-id=\"d5c1cff\" data-element_type=\"column\" data-e-type=\"column\" data-settings=\"{&quot;background_background&quot;:&quot;classic&quot;}\">\n\t\t\t<div class=\"elementor-widget-wrap elementor-element-populated\">\n\t\t\t\t\t\t<div class=\"elementor-element elementor-element-dccc3dd elementor-widget elementor-widget-image\" data-id=\"dccc3dd\" data-element_type=\"widget\" data-e-type=\"widget\" data-widget_type=\"image.default\">\n\t\t\t\t<div class=\"elementor-widget-container\">\n\t\t\t\t\t\t\t\t\t\t\t\t\t\t\t<img decoding=\"async\" width=\"403\" height=\"77\" src=\"https:\/\/stage.swisslearning.com\/wp-content\/uploads\/2021\/08\/Brillantmont-logo-image001.png\" class=\"attachment-full size-full wp-image-7448\" alt=\"\" srcset=\"https:\/\/stage.swisslearning.com\/wp-content\/uploads\/2021\/08\/Brillantmont-logo-image001.png 403w, https:\/\/stage.swisslearning.com\/wp-content\/uploads\/2021\/08\/Brillantmont-logo-image001-300x57.png 300w\" sizes=\"(max-width: 403px) 100vw, 403px\" \/>\t\t\t\t\t\t\t\t\t\t\t\t\t\t\t<\/div>\n\t\t\t\t<\/div>\n\t\t\t\t<div class=\"elementor-element elementor-element-5a6b687 elementor-arrows-position-inside elementor-widget elementor-widget-image-carousel\" data-id=\"5a6b687\" data-element_type=\"widget\" data-e-type=\"widget\" data-settings=\"{&quot;slides_to_show&quot;:&quot;1&quot;,&quot;navigation&quot;:&quot;arrows&quot;,&quot;autoplay&quot;:&quot;yes&quot;,&quot;pause_on_hover&quot;:&quot;yes&quot;,&quot;pause_on_interaction&quot;:&quot;yes&quot;,&quot;autoplay_speed&quot;:5000,&quot;infinite&quot;:&quot;yes&quot;,&quot;effect&quot;:&quot;slide&quot;,&quot;speed&quot;:500}\" data-widget_type=\"image-carousel.default\">\n\t\t\t\t<div class=\"elementor-widget-container\">\n\t\t\t\t\t\t\t<div class=\"elementor-image-carousel-wrapper swiper\" role=\"region\" aria-roledescription=\"carousel\" aria-label=\"Carrossel de imagens\" dir=\"ltr\">\n\t\t\t<div class=\"elementor-image-carousel swiper-wrapper swiper-image-stretch\" aria-live=\"off\">\n\t\t\t\t\t\t\t\t<div class=\"swiper-slide\" role=\"group\" aria-roledescription=\"slide\" aria-label=\"1 de 5\"><figure class=\"swiper-slide-inner\"><img decoding=\"async\" class=\"swiper-slide-image\" src=\"https:\/\/stage.swisslearning.com\/wp-content\/uploads\/elementor\/thumbs\/Brillantmont-International-school-campus-pb0f251y3ka3w2rfwfi4a98amuijidyvngbo2y67h4.jpg\" alt=\"Brillantmont-International-school-campus\" \/><\/figure><\/div><div class=\"swiper-slide\" role=\"group\" aria-roledescription=\"slide\" aria-label=\"2 de 5\"><figure class=\"swiper-slide-inner\"><img decoding=\"async\" class=\"swiper-slide-image\" src=\"https:\/\/stage.swisslearning.com\/wp-content\/uploads\/elementor\/thumbs\/Brillantmont-International-School-Campus-areal-photo-pb0f28tauwf96ilzah4mk8a50e00d6dszyxm020ms8.jpg\" alt=\"Brillantmont-International-School-Campus-areal-photo\" \/><\/figure><\/div><div class=\"swiper-slide\" role=\"group\" aria-roledescription=\"slide\" aria-label=\"3 de 5\"><figure class=\"swiper-slide-inner\"><img decoding=\"async\" class=\"swiper-slide-image\" src=\"https:\/\/stage.swisslearning.com\/wp-content\/uploads\/elementor\/thumbs\/Choosing-Between-A-Levels-and-the-International-Baccalaureate-pb0f2cknm8kegygioir4u7bzdxhh7ysqchjjx5v23c.jpg\" alt=\"Escolhendo entre os n\u00edveis-A-e-o-Bacharelado Internacional\" \/><\/figure><\/div><div class=\"swiper-slide\" role=\"group\" aria-roledescription=\"slide\" aria-label=\"4 de 5\"><figure class=\"swiper-slide-inner\"><img decoding=\"async\" class=\"swiper-slide-image\" src=\"https:\/\/stage.swisslearning.com\/wp-content\/uploads\/elementor\/thumbs\/Brillantmont-Winter-camp-and-programme-pb0f2egbzwmz46dsdjkdz6uwkp87nd070quivps9qw.jpg\" alt=\"Programa e acampamento de inverno de Brillantmont\" \/><\/figure><\/div><div class=\"swiper-slide\" role=\"group\" aria-roledescription=\"slide\" aria-label=\"5 de 5\"><figure class=\"swiper-slide-inner\"><img decoding=\"async\" class=\"swiper-slide-image\" src=\"https:\/\/stage.swisslearning.com\/wp-content\/uploads\/elementor\/thumbs\/Brillantmont-International-School-Boarding-School-in-Lausanne-pb0f2i7or8s4em8brl6w95wqy8poi5f4d9ggstmp20.jpg\" alt=\"Brillantmont International School - Boarding School em Lausanne\" \/><\/figure><\/div>\t\t\t<\/div>\n\t\t\t\t\t\t\t\t\t\t\t\t<div class=\"elementor-swiper-button elementor-swiper-button-prev\" role=\"button\" tabindex=\"0\">\n\t\t\t\t\t\t<i aria-hidden=\"true\" class=\"eicon-chevron-left\"><\/i>\t\t\t\t\t<\/div>\n\t\t\t\t\t<div class=\"elementor-swiper-button elementor-swiper-button-next\" role=\"button\" tabindex=\"0\">\n\t\t\t\t\t\t<i aria-hidden=\"true\" class=\"eicon-chevron-right\"><\/i>\t\t\t\t\t<\/div>\n\t\t\t\t\n\t\t\t\t\t\t\t\t\t<\/div>\n\t\t\t\t\t\t<\/div>\n\t\t\t\t<\/div>\n\t\t\t\t\t<\/div>\n\t\t<\/div>\n\t\t\t\t\t<\/div>\n\t\t<\/section>\n\t\t\t\t<section class=\"elementor-section elementor-top-section elementor-element elementor-element-f1ba1a7 elementor-section-full_width elementor-section-height-default elementor-section-height-default\" data-id=\"f1ba1a7\" data-element_type=\"section\" data-e-type=\"section\">\n\t\t\t\t\t\t<div class=\"elementor-container elementor-column-gap-default\">\n\t\t\t\t\t<div class=\"elementor-column elementor-col-50 elementor-top-column elementor-element elementor-element-b1c8cf6\" data-id=\"b1c8cf6\" data-element_type=\"column\" data-e-type=\"column\">\n\t\t\t<div class=\"elementor-widget-wrap elementor-element-populated\">\n\t\t\t\t\t\t<div class=\"elementor-element elementor-element-7e30b80 elementor-widget elementor-widget-video\" data-id=\"7e30b80\" data-element_type=\"widget\" data-e-type=\"widget\" data-settings=\"{&quot;youtube_url&quot;:&quot;https:\\\/\\\/www.youtube.com\\\/watch?v=h4kBAMiCVlw&quot;,&quot;video_type&quot;:&quot;youtube&quot;,&quot;controls&quot;:&quot;yes&quot;}\" data-widget_type=\"video.default\">\n\t\t\t\t<div class=\"elementor-widget-container\">\n\t\t\t\t\t\t\t<div class=\"elementor-wrapper elementor-open-inline\">\n\t\t\t<div class=\"elementor-video\"><\/div>\t\t<\/div>\n\t\t\t\t\t\t<\/div>\n\t\t\t\t<\/div>\n\t\t\t\t\t<\/div>\n\t\t<\/div>\n\t\t\t\t<div class=\"elementor-column elementor-col-50 elementor-top-column elementor-element elementor-element-8bf33b9\" data-id=\"8bf33b9\" data-element_type=\"column\" data-e-type=\"column\">\n\t\t\t<div class=\"elementor-widget-wrap elementor-element-populated\">\n\t\t\t\t\t\t<div class=\"elementor-element elementor-element-888ca60 elementor-widget elementor-widget-heading\" data-id=\"888ca60\" data-element_type=\"widget\" data-e-type=\"widget\" data-widget_type=\"heading.default\">\n\t\t\t\t<div class=\"elementor-widget-container\">\n\t\t\t\t\t<h1 class=\"elementor-heading-title elementor-size-default\">BRILLANTMONT INTERNATIONAL SCHOOL<\/h1>\t\t\t\t<\/div>\n\t\t\t\t<\/div>\n\t\t\t\t<div class=\"elementor-element elementor-element-c20ef49 elementor-blockquote--skin-quotation elementor-widget elementor-widget-blockquote\" data-id=\"c20ef49\" data-element_type=\"widget\" data-e-type=\"widget\" data-widget_type=\"blockquote.default\">\n\t\t\t\t<div class=\"elementor-widget-container\">\n\t\t\t\t\t\t\t<blockquote class=\"elementor-blockquote\">\n\t\t\t<p class=\"elementor-blockquote__content\">\n\t\t\t\tA ess\u00eancia da Brillantmont \u00e9 seu ambiente acolhedor e atencioso, que proporciona a sensa\u00e7\u00e3o de estar em casa. O tamanho da escola permite que os talentos e qualidades individuais de cada aluno possam ser cultivados e otimizados, oferecendo oportunidades excepcionais dentro e fora da sala de aula.\t\t\t<\/p>\n\t\t\t\t\t<\/blockquote>\n\t\t\t\t\t\t<\/div>\n\t\t\t\t<\/div>\n\t\t\t\t\t<\/div>\n\t\t<\/div>\n\t\t\t\t\t<\/div>\n\t\t<\/section>\n\t\t\t\t<section class=\"elementor-section elementor-top-section elementor-element elementor-element-bb3ffa0 elementor-section-full_width elementor-section-height-default elementor-section-height-default\" data-id=\"bb3ffa0\" data-element_type=\"section\" data-e-type=\"section\">\n\t\t\t\t\t\t<div class=\"elementor-container elementor-column-gap-default\">\n\t\t\t\t\t<div class=\"elementor-column elementor-col-50 elementor-top-column elementor-element elementor-element-9b5d387\" data-id=\"9b5d387\" data-element_type=\"column\" data-e-type=\"column\" data-settings=\"{&quot;background_background&quot;:&quot;classic&quot;}\">\n\t\t\t<div class=\"elementor-widget-wrap elementor-element-populated\">\n\t\t\t\t\t\t<div class=\"elementor-element elementor-element-8ab6234 elementor-widget elementor-widget-heading\" data-id=\"8ab6234\" data-element_type=\"widget\" data-e-type=\"widget\" data-widget_type=\"heading.default\">\n\t\t\t\t<div class=\"elementor-widget-container\">\n\t\t\t\t\t<h2 class=\"elementor-heading-title elementor-size-default\">fatos chave<\/h2>\t\t\t\t<\/div>\n\t\t\t\t<\/div>\n\t\t\t\t<div class=\"elementor-element elementor-element-754de4c elementor-widget elementor-widget-text-editor\" data-id=\"754de4c\" data-element_type=\"widget\" data-e-type=\"widget\" data-widget_type=\"text-editor.default\">\n\t\t\t\t<div class=\"elementor-widget-container\">\n\t\t\t\t\t\t\t\t\t<ul><li>Fundada em: 1882 (ainda propriedade da fam\u00edlia fundadora)\u00a0\u00a0\u00a0<\/li><li>Alunos: 80-90 alunos internos, 100 no total<\/li><li>Faixa et\u00e1ria: meninos e meninas de 13 a 18 anos<\/li><li>Campus: Localizado no centro de Lausanne, a 40 minutos de Genebra. Excelente acomoda\u00e7\u00e3o em um ambiente caseiro<\/li><li>Acredita\u00e7\u00e3o: CIS, NEASC<\/li><li>Nacionalidades: 35 nacionalidades com cotas para garantir a diversidade<\/li><li>Taxas anuais de internato e ensino: a partir de CHF 94&#039;500++<\/li><\/ul>\t\t\t\t\t\t\t\t<\/div>\n\t\t\t\t<\/div>\n\t\t\t\t\t<\/div>\n\t\t<\/div>\n\t\t\t\t<div class=\"elementor-column elementor-col-50 elementor-top-column elementor-element elementor-element-8a39952\" data-id=\"8a39952\" data-element_type=\"column\" data-e-type=\"column\">\n\t\t\t<div class=\"elementor-widget-wrap elementor-element-populated\">\n\t\t\t\t\t\t<div class=\"elementor-element elementor-element-398b80b elementor-widget elementor-widget-heading\" data-id=\"398b80b\" data-element_type=\"widget\" data-e-type=\"widget\" data-widget_type=\"heading.default\">\n\t\t\t\t<div class=\"elementor-widget-container\">\n\t\t\t\t\t<h2 class=\"elementor-heading-title elementor-size-default\">acad\u00eamicos<\/h2>\t\t\t\t<\/div>\n\t\t\t\t<\/div>\n\t\t\t\t<div class=\"elementor-element elementor-element-10246d3 elementor-widget elementor-widget-text-editor\" data-id=\"10246d3\" data-element_type=\"widget\" data-e-type=\"widget\" data-widget_type=\"text-editor.default\">\n\t\t\t\t<div class=\"elementor-widget-container\">\n\t\t\t\t\t\t\t\t\t<p><em>(Tamanho m\u00e9dio da turma de 9 alunos (m\u00e1x. 15)<\/em><\/p><ul><li>L\u00ednguas: ingl\u00eas<\/li><li>Diplomas: IGCSE\/AS\/A Level brit\u00e2nico\/e ou diploma de gradua\u00e7\u00e3o do ensino m\u00e9dio americano, SAT, prepara\u00e7\u00e3o para ingresso em universidades em todo o mundo<\/li><li>Propor\u00e7\u00e3o Funcion\u00e1rios \/ Alunos: 1: 4<\/li><li>L\u00ednguas estrangeiras: Ingl\u00eas, Franc\u00eas, Espanhol, Alem\u00e3o. Muitas outras l\u00ednguas mediante solicita\u00e7\u00e3o<\/li><li>Acampamentos de ver\u00e3o: em julho e agosto, de 10 a 16 anos, idiomas com atividades esportivas e excurs\u00f5es<\/li><\/ul>\t\t\t\t\t\t\t\t<\/div>\n\t\t\t\t<\/div>\n\t\t\t\t\t<\/div>\n\t\t<\/div>\n\t\t\t\t\t<\/div>\n\t\t<\/section>\n\t\t\t\t<section class=\"elementor-section elementor-top-section elementor-element elementor-element-4421bb4 elementor-section-full_width elementor-section-height-default elementor-section-height-default\" data-id=\"4421bb4\" data-element_type=\"section\" data-e-type=\"section\">\n\t\t\t\t\t\t<div class=\"elementor-container elementor-column-gap-default\">\n\t\t\t\t\t<div class=\"elementor-column elementor-col-50 elementor-top-column elementor-element elementor-element-c4bc547\" data-id=\"c4bc547\" data-element_type=\"column\" data-e-type=\"column\" data-settings=\"{&quot;background_background&quot;:&quot;classic&quot;}\">\n\t\t\t<div class=\"elementor-widget-wrap elementor-element-populated\">\n\t\t\t\t\t\t<div class=\"elementor-element elementor-element-1463472 elementor-widget elementor-widget-heading\" data-id=\"1463472\" data-element_type=\"widget\" data-e-type=\"widget\" data-widget_type=\"heading.default\">\n\t\t\t\t<div class=\"elementor-widget-container\">\n\t\t\t\t\t<h2 class=\"elementor-heading-title elementor-size-default\">Acampamentos de ver\u00e3o<\/h2>\t\t\t\t<\/div>\n\t\t\t\t<\/div>\n\t\t\t\t<div class=\"elementor-element elementor-element-7d2f175 elementor-widget elementor-widget-text-editor\" data-id=\"7d2f175\" data-element_type=\"widget\" data-e-type=\"widget\" data-widget_type=\"text-editor.default\">\n\t\t\t\t<div class=\"elementor-widget-container\">\n\t\t\t\t\t\t\t\t\t<ul><li>Acampamentos de ver\u00e3o em julho e agosto sob a mesma Dire\u00e7\u00e3o<\/li><li>Meninos e meninas de 10 a 16 anos<\/li><li>Cursos de idiomas: ingl\u00eas e franc\u00eas<\/li><li>Estadia flex\u00edvel de duas a seis semanas<\/li><li>L\u00ednguas com esportes, atividades e excurs\u00f5es<\/li><\/ul><div><h4><span style=\"color: #d12c2c;\">WINTER CAMPS<\/span><\/h4><ul><li>Mini experi\u00eancia de ensino m\u00e9dio com franc\u00eas a partir de janeiro por 5 semanas<\/li><li>Franc\u00eas e outras aulas, combinadas com esqui, snowboard e turismo<\/li><li>Descubra a vida do internato por meio da integra\u00e7\u00e3o com os alunos do ano letivo completo<\/li><\/ul><\/div>\t\t\t\t\t\t\t\t<\/div>\n\t\t\t\t<\/div>\n\t\t\t\t\t<\/div>\n\t\t<\/div>\n\t\t\t\t<div class=\"elementor-column elementor-col-50 elementor-top-column elementor-element elementor-element-146eb0f\" data-id=\"146eb0f\" data-element_type=\"column\" data-e-type=\"column\">\n\t\t\t<div class=\"elementor-widget-wrap elementor-element-populated\">\n\t\t\t\t\t\t<div class=\"elementor-element elementor-element-456a7c5 elementor-widget elementor-widget-heading\" data-id=\"456a7c5\" data-element_type=\"widget\" data-e-type=\"widget\" data-widget_type=\"heading.default\">\n\t\t\t\t<div class=\"elementor-widget-container\">\n\t\t\t\t\t<h2 class=\"elementor-heading-title elementor-size-default\">Extracurricular<\/h2>\t\t\t\t<\/div>\n\t\t\t\t<\/div>\n\t\t\t\t<div class=\"elementor-element elementor-element-1dc21c9 elementor-widget elementor-widget-text-editor\" data-id=\"1dc21c9\" data-element_type=\"widget\" data-e-type=\"widget\" data-widget_type=\"text-editor.default\">\n\t\t\t\t<div class=\"elementor-widget-container\">\n\t\t\t\t\t\t\t\t\t<ul><li>Grande variedade de atividades esportivas, culturais, de desenvolvimento pessoal e criativas todos os dias<\/li><li>Ativo em projetos humanit\u00e1rios e de caridade<\/li><li>Diversas atividades e excurs\u00f5es de fim de semana na Su\u00ed\u00e7a e nos pa\u00edses vizinhos<\/li><\/ul>\t\t\t\t\t\t\t\t<\/div>\n\t\t\t\t<\/div>\n\t\t\t\t\t<\/div>\n\t\t<\/div>\n\t\t\t\t\t<\/div>\n\t\t<\/section>\n\t\t\t\t<\/div>","protected":false},"excerpt":{"rendered":"<p>BRILLANTMONT INTERNATIONAL SCHOOL The essence of Brillantmont is its sense of family and the feeling of being at home, in a caring, supportive environment. The size of the school means that every student\u2019s individual talents and strengths can be nurtured and offers exceptional opportunities within and beyond the classroom. key facts Founded in: 1882 (Still [&hellip;]<\/p>\n","protected":false},"author":3,"featured_media":144,"parent":0,"menu_order":0,"comment_status":"closed","ping_status":"closed","template":"","meta":{"footnotes":""},"class_list":["post-7462","page","type-page","status-publish","has-post-thumbnail","hentry"],"yoast_head":"<!-- This site is optimized with the Yoast SEO plugin v27.3 - https:\/\/yoast.com\/product\/yoast-seo-wordpress\/ -->\n<title>Brillantmont - Swiss Boarding School - Swiss Learning<\/title>\n<meta name=\"description\" content=\"The essence of Brillantmont boarding school is its sense of family and the feeling of being at home, in a caring, supportive environment.\" \/>\n<meta name=\"robots\" content=\"noindex, follow, max-snippet:-1, max-image-preview:large, max-video-preview:-1\" \/>\n<meta property=\"og:locale\" content=\"pt_BR\" \/>\n<meta property=\"og:type\" content=\"article\" \/>\n<meta property=\"og:title\" content=\"Brillantmont - Swiss Boarding School - Swiss Learning\" \/>\n<meta property=\"og:description\" content=\"The essence of Brillantmont boarding school is its sense of family and the feeling of being at home, in a caring, supportive environment.\" \/>\n<meta property=\"og:url\" content=\"https:\/\/stage.swisslearning.com\/pt\/brillantmont-international-school\/\" \/>\n<meta property=\"og:site_name\" content=\"Swiss Learning\" \/>\n<meta property=\"article:publisher\" content=\"https:\/\/www.facebook.com\/swisslearning\" \/>\n<meta property=\"article:modified_time\" content=\"2025-03-12T13:49:54+00:00\" \/>\n<meta property=\"og:image\" content=\"https:\/\/stage.swisslearning.com\/wp-content\/uploads\/2021\/06\/logo_SL.jpg\" \/>\n\t<meta property=\"og:image:width\" content=\"200\" \/>\n\t<meta property=\"og:image:height\" content=\"200\" \/>\n\t<meta property=\"og:image:type\" content=\"image\/jpeg\" \/>\n<meta name=\"twitter:card\" content=\"summary_large_image\" \/>\n<meta name=\"twitter:label1\" content=\"Est. tempo de leitura\" \/>\n\t<meta name=\"twitter:data1\" content=\"3 minutos\" \/>\n<script type=\"application\/ld+json\" class=\"yoast-schema-graph\">{\"@context\":\"https:\\\/\\\/schema.org\",\"@graph\":[{\"@type\":\"WebPage\",\"@id\":\"https:\\\/\\\/stage.swisslearning.com\\\/brillantmont-international-school\\\/\",\"url\":\"https:\\\/\\\/stage.swisslearning.com\\\/brillantmont-international-school\\\/\",\"name\":\"Brillantmont - Swiss Boarding School - Swiss Learning\",\"isPartOf\":{\"@id\":\"https:\\\/\\\/stage.swisslearning.com\\\/#website\"},\"primaryImageOfPage\":{\"@id\":\"https:\\\/\\\/stage.swisslearning.com\\\/brillantmont-international-school\\\/#primaryimage\"},\"image\":{\"@id\":\"https:\\\/\\\/stage.swisslearning.com\\\/brillantmont-international-school\\\/#primaryimage\"},\"thumbnailUrl\":\"https:\\\/\\\/stage.swisslearning.com\\\/wp-content\\\/uploads\\\/2021\\\/06\\\/logo_SL.jpg\",\"datePublished\":\"2021-08-02T04:38:18+00:00\",\"dateModified\":\"2025-03-12T13:49:54+00:00\",\"description\":\"The essence of Brillantmont boarding school is its sense of family and the feeling of being at home, in a caring, supportive environment.\",\"breadcrumb\":{\"@id\":\"https:\\\/\\\/stage.swisslearning.com\\\/brillantmont-international-school\\\/#breadcrumb\"},\"inLanguage\":\"pt-BR\",\"potentialAction\":[{\"@type\":\"ReadAction\",\"target\":[\"https:\\\/\\\/stage.swisslearning.com\\\/brillantmont-international-school\\\/\"]}]},{\"@type\":\"ImageObject\",\"inLanguage\":\"pt-BR\",\"@id\":\"https:\\\/\\\/stage.swisslearning.com\\\/brillantmont-international-school\\\/#primaryimage\",\"url\":\"https:\\\/\\\/stage.swisslearning.com\\\/wp-content\\\/uploads\\\/2021\\\/06\\\/logo_SL.jpg\",\"contentUrl\":\"https:\\\/\\\/stage.swisslearning.com\\\/wp-content\\\/uploads\\\/2021\\\/06\\\/logo_SL.jpg\",\"width\":200,\"height\":200},{\"@type\":\"BreadcrumbList\",\"@id\":\"https:\\\/\\\/stage.swisslearning.com\\\/brillantmont-international-school\\\/#breadcrumb\",\"itemListElement\":[{\"@type\":\"ListItem\",\"position\":1,\"name\":\"Home\",\"item\":\"https:\\\/\\\/stage.swisslearning.com\\\/\"},{\"@type\":\"ListItem\",\"position\":2,\"name\":\"Brillantmont International School\"}]},{\"@type\":\"WebSite\",\"@id\":\"https:\\\/\\\/stage.swisslearning.com\\\/#website\",\"url\":\"https:\\\/\\\/stage.swisslearning.com\\\/\",\"name\":\"Swiss Learning\",\"description\":\"BOARDING SCHOOLS, HOTEL MANAGEMENT SCHOOLS AND CAMPS IN SWITZERLAND\",\"publisher\":{\"@id\":\"https:\\\/\\\/stage.swisslearning.com\\\/#organization\"},\"potentialAction\":[{\"@type\":\"SearchAction\",\"target\":{\"@type\":\"EntryPoint\",\"urlTemplate\":\"https:\\\/\\\/stage.swisslearning.com\\\/?s={search_term_string}\"},\"query-input\":{\"@type\":\"PropertyValueSpecification\",\"valueRequired\":true,\"valueName\":\"search_term_string\"}}],\"inLanguage\":\"pt-BR\"},{\"@type\":\"Organization\",\"@id\":\"https:\\\/\\\/stage.swisslearning.com\\\/#organization\",\"name\":\"Swiss Learning\",\"url\":\"https:\\\/\\\/stage.swisslearning.com\\\/\",\"logo\":{\"@type\":\"ImageObject\",\"inLanguage\":\"pt-BR\",\"@id\":\"https:\\\/\\\/stage.swisslearning.com\\\/#\\\/schema\\\/logo\\\/image\\\/\",\"url\":\"https:\\\/\\\/stage.swisslearning.com\\\/wp-content\\\/uploads\\\/2021\\\/06\\\/swiss-learning_logo.svg\",\"contentUrl\":\"https:\\\/\\\/stage.swisslearning.com\\\/wp-content\\\/uploads\\\/2021\\\/06\\\/swiss-learning_logo.svg\",\"width\":208,\"height\":56,\"caption\":\"Swiss Learning\"},\"image\":{\"@id\":\"https:\\\/\\\/stage.swisslearning.com\\\/#\\\/schema\\\/logo\\\/image\\\/\"},\"sameAs\":[\"https:\\\/\\\/www.facebook.com\\\/swisslearning\",\"https:\\\/\\\/www.instagram.com\\\/swisslearning\\\/\",\"https:\\\/\\\/www.linkedin.com\\\/company\\\/35552129\\\/admin\\\/\"]}]}<\/script>\n<!-- \/ Yoast SEO plugin. -->","yoast_head_json":{"title":"Brillantmont - Swiss Boarding School - Swiss Learning","description":"A ess\u00eancia do internato de Brillantmont \u00e9 seu senso de fam\u00edlia e a sensa\u00e7\u00e3o de estar em casa, em um ambiente atencioso e solid\u00e1rio.","robots":{"index":"noindex","follow":"follow","max-snippet":"max-snippet:-1","max-image-preview":"max-image-preview:large","max-video-preview":"max-video-preview:-1"},"og_locale":"pt_BR","og_type":"article","og_title":"Brillantmont - Swiss Boarding School - Swiss Learning","og_description":"The essence of Brillantmont boarding school is its sense of family and the feeling of being at home, in a caring, supportive environment.","og_url":"https:\/\/stage.swisslearning.com\/pt\/brillantmont-international-school\/","og_site_name":"Swiss Learning","article_publisher":"https:\/\/www.facebook.com\/swisslearning","article_modified_time":"2025-03-12T13:49:54+00:00","og_image":[{"width":200,"height":200,"url":"https:\/\/stage.swisslearning.com\/wp-content\/uploads\/2021\/06\/logo_SL.jpg","type":"image\/jpeg"}],"twitter_card":"summary_large_image","twitter_misc":{"Est. tempo de leitura":"3 minutos"},"schema":{"@context":"https:\/\/schema.org","@graph":[{"@type":"WebPage","@id":"https:\/\/stage.swisslearning.com\/brillantmont-international-school\/","url":"https:\/\/stage.swisslearning.com\/brillantmont-international-school\/","name":"Brillantmont - Swiss Boarding School - Swiss Learning","isPartOf":{"@id":"https:\/\/stage.swisslearning.com\/#website"},"primaryImageOfPage":{"@id":"https:\/\/stage.swisslearning.com\/brillantmont-international-school\/#primaryimage"},"image":{"@id":"https:\/\/stage.swisslearning.com\/brillantmont-international-school\/#primaryimage"},"thumbnailUrl":"https:\/\/stage.swisslearning.com\/wp-content\/uploads\/2021\/06\/logo_SL.jpg","datePublished":"2021-08-02T04:38:18+00:00","dateModified":"2025-03-12T13:49:54+00:00","description":"A ess\u00eancia do internato de Brillantmont \u00e9 seu senso de fam\u00edlia e a sensa\u00e7\u00e3o de estar em casa, em um ambiente atencioso e solid\u00e1rio.","breadcrumb":{"@id":"https:\/\/stage.swisslearning.com\/brillantmont-international-school\/#breadcrumb"},"inLanguage":"pt-BR","potentialAction":[{"@type":"ReadAction","target":["https:\/\/stage.swisslearning.com\/brillantmont-international-school\/"]}]},{"@type":"ImageObject","inLanguage":"pt-BR","@id":"https:\/\/stage.swisslearning.com\/brillantmont-international-school\/#primaryimage","url":"https:\/\/stage.swisslearning.com\/wp-content\/uploads\/2021\/06\/logo_SL.jpg","contentUrl":"https:\/\/stage.swisslearning.com\/wp-content\/uploads\/2021\/06\/logo_SL.jpg","width":200,"height":200},{"@type":"BreadcrumbList","@id":"https:\/\/stage.swisslearning.com\/brillantmont-international-school\/#breadcrumb","itemListElement":[{"@type":"ListItem","position":1,"name":"Home","item":"https:\/\/stage.swisslearning.com\/"},{"@type":"ListItem","position":2,"name":"Brillantmont International School"}]},{"@type":"WebSite","@id":"https:\/\/stage.swisslearning.com\/#website","url":"https:\/\/stage.swisslearning.com\/","name":"Swiss Learning","description":"ESCOLAS DE EMBARQUE, ESCOLAS DE GEST\u00c3O DE HOTELARIA E CAMPS NA SU\u00cd\u00c7A","publisher":{"@id":"https:\/\/stage.swisslearning.com\/#organization"},"potentialAction":[{"@type":"SearchAction","target":{"@type":"EntryPoint","urlTemplate":"https:\/\/stage.swisslearning.com\/?s={search_term_string}"},"query-input":{"@type":"PropertyValueSpecification","valueRequired":true,"valueName":"search_term_string"}}],"inLanguage":"pt-BR"},{"@type":"Organization","@id":"https:\/\/stage.swisslearning.com\/#organization","name":"Swiss Learning","url":"https:\/\/stage.swisslearning.com\/","logo":{"@type":"ImageObject","inLanguage":"pt-BR","@id":"https:\/\/stage.swisslearning.com\/#\/schema\/logo\/image\/","url":"https:\/\/stage.swisslearning.com\/wp-content\/uploads\/2021\/06\/swiss-learning_logo.svg","contentUrl":"https:\/\/stage.swisslearning.com\/wp-content\/uploads\/2021\/06\/swiss-learning_logo.svg","width":208,"height":56,"caption":"Swiss Learning"},"image":{"@id":"https:\/\/stage.swisslearning.com\/#\/schema\/logo\/image\/"},"sameAs":["https:\/\/www.facebook.com\/swisslearning","https:\/\/www.instagram.com\/swisslearning\/","https:\/\/www.linkedin.com\/company\/35552129\/admin\/"]}]}},"_links":{"self":[{"href":"https:\/\/stage.swisslearning.com\/pt\/wp-json\/wp\/v2\/pages\/7462","targetHints":{"allow":["GET"]}}],"collection":[{"href":"https:\/\/stage.swisslearning.com\/pt\/wp-json\/wp\/v2\/pages"}],"about":[{"href":"https:\/\/stage.swisslearning.com\/pt\/wp-json\/wp\/v2\/types\/page"}],"author":[{"embeddable":true,"href":"https:\/\/stage.swisslearning.com\/pt\/wp-json\/wp\/v2\/users\/3"}],"replies":[{"embeddable":true,"href":"https:\/\/stage.swisslearning.com\/pt\/wp-json\/wp\/v2\/comments?post=7462"}],"version-history":[{"count":31,"href":"https:\/\/stage.swisslearning.com\/pt\/wp-json\/wp\/v2\/pages\/7462\/revisions"}],"predecessor-version":[{"id":13953,"href":"https:\/\/stage.swisslearning.com\/pt\/wp-json\/wp\/v2\/pages\/7462\/revisions\/13953"}],"wp:featuredmedia":[{"embeddable":true,"href":"https:\/\/stage.swisslearning.com\/pt\/wp-json\/wp\/v2\/media\/144"}],"wp:attachment":[{"href":"https:\/\/stage.swisslearning.com\/pt\/wp-json\/wp\/v2\/media?parent=7462"}],"curies":[{"name":"wp","href":"https:\/\/api.w.org\/{rel}","templated":true}]}}