{"id":147,"date":"2021-06-06T18:45:11","date_gmt":"2021-06-06T18:45:11","guid":{"rendered":"https:\/\/swissexcellence.ch\/?page_id=147"},"modified":"2025-10-17T21:19:12","modified_gmt":"2025-10-17T21:19:12","slug":"our-services","status":"publish","type":"page","link":"https:\/\/stage.swisslearning.com\/fr\/our-services\/","title":{"rendered":"Services d&#039;apprentissage suisses"},"content":{"rendered":"<div data-elementor-type=\"wp-page\" data-elementor-id=\"147\" class=\"elementor elementor-147\" data-elementor-post-type=\"page\">\n\t\t\t\t<div class=\"elementor-element elementor-element-c5e4c2f e-flex e-con-boxed e-con e-parent\" data-id=\"c5e4c2f\" data-element_type=\"container\" data-e-type=\"container\" data-settings=\"{&quot;background_background&quot;:&quot;classic&quot;}\">\n\t\t\t\t\t<div class=\"e-con-inner\">\n\t\t\t\t<div class=\"elementor-element elementor-element-9023f01 elementor-widget elementor-widget-heading\" data-id=\"9023f01\" data-element_type=\"widget\" data-e-type=\"widget\" data-widget_type=\"heading.default\">\n\t\t\t\t<div class=\"elementor-widget-container\">\n\t\t\t\t\t<h1 class=\"elementor-heading-title elementor-size-default\">Internats<br><span class=\"SL-bradford-font\">Placement<br><\/span> Services\n<\/h1>\t\t\t\t<\/div>\n\t\t\t\t<\/div>\n\t\t\t\t<div class=\"elementor-element elementor-element-4d0aa30 elementor-absolute elementor-widget elementor-widget-image\" data-id=\"4d0aa30\" data-element_type=\"widget\" data-e-type=\"widget\" data-settings=\"{&quot;_position&quot;:&quot;absolute&quot;}\" data-widget_type=\"image.default\">\n\t\t\t\t<div class=\"elementor-widget-container\">\n\t\t\t\t\t\t\t\t\t\t\t\t\t\t\t<img fetchpriority=\"high\" decoding=\"async\" width=\"226\" height=\"227\" src=\"https:\/\/stage.swisslearning.com\/wp-content\/uploads\/2021\/06\/swiss-learning_Red-stamp.svg\" class=\"attachment-large size-large wp-image-12865\" alt=\"\" \/>\t\t\t\t\t\t\t\t\t\t\t\t\t\t\t<\/div>\n\t\t\t\t<\/div>\n\t\t\t\t\t<\/div>\n\t\t\t\t<\/div>\n\t\t<div class=\"elementor-element elementor-element-581169d e-flex e-con-boxed e-con e-parent\" data-id=\"581169d\" data-element_type=\"container\" data-e-type=\"container\">\n\t\t\t\t\t<div class=\"e-con-inner\">\n\t\t<div class=\"elementor-element elementor-element-1d3ac10 e-con-full e-flex e-con e-child\" data-id=\"1d3ac10\" data-element_type=\"container\" data-e-type=\"container\">\n\t\t\t\t<div class=\"elementor-element elementor-element-9c356c0 elementor-widget elementor-widget-heading\" data-id=\"9c356c0\" data-element_type=\"widget\" data-e-type=\"widget\" data-widget_type=\"heading.default\">\n\t\t\t\t<div class=\"elementor-widget-container\">\n\t\t\t\t\t<h2 class=\"elementor-heading-title elementor-size-default\">Services de placement dans les internats et les \u00e9coles h\u00f4teli\u00e8res<\/h2>\t\t\t\t<\/div>\n\t\t\t\t<\/div>\n\t\t\t\t<div class=\"elementor-element elementor-element-fdb14f0 elementor-widget elementor-widget-text-editor\" data-id=\"fdb14f0\" data-element_type=\"widget\" data-e-type=\"widget\" data-widget_type=\"text-editor.default\">\n\t\t\t\t<div class=\"elementor-widget-container\">\n\t\t\t\t\t\t\t\t\t<p>Avec plus d'une d\u00e9cennie d'exp\u00e9rience \u00e0 travailler en \u00e9troite collaboration avec chacun des <a href=\"https:\/\/swisslearning.com\/boarding-schools\/\">15 internats<\/a> et <a href=\"https:\/\/swisslearning.com\/hotel-schools\/\">2 \u00e9coles h\u00f4teli\u00e8res<\/a>\u00a0que nous repr\u00e9sentons dans le monde entier, notre \u00e9quipe poss\u00e8de toutes les connaissances et la compr\u00e9hension n\u00e9cessaires pour vous aider, vous et votre enfant, \u00e0 trouver la bonne \u00e9cole.<\/p><p>Apr\u00e8s avoir soigneusement \u00e9tudi\u00e9 votre profil et vos besoins, Swiss Learning coordonne pour vous les services suivants :<\/p><ul><li>Pr\u00e9sentation des \u00e9coles Swiss Learning<\/li><li>Visite virtuelle ou en personne des campus de votre choix<\/li><li>Aide dans le processus de visa \u00e9tudiant<\/li><li>R\u00e9servation d&#039;h\u00f4tels et services de transfert<\/li><li><span style=\"background-color: transparent; color: var( --e-global-color-text ); font-family: var( --e-global-typography-text-font-family ), Sans-serif; font-weight: var( --e-global-typography-text-font-weight );\">Assistance dans votre langue<\/span><\/li><\/ul><div>\u00a0<\/div><p><span style=\"color: var( --e-global-color-text ); font-family: var( --e-global-typography-text-font-family ), Sans-serif; font-size: var( --e-global-typography-text-font-size ); font-weight: var( --e-global-typography-text-font-weight );\">Nous restons disponibles pendant tout le s\u00e9jour de votre enfant en Suisse pour lui apporter tout le soutien n\u00e9cessaire.<\/span><\/p>\t\t\t\t\t\t\t\t<\/div>\n\t\t\t\t<\/div>\n\t\t\t\t<\/div>\n\t\t<div class=\"elementor-element elementor-element-6176921 e-con-full e-flex e-con e-child\" data-id=\"6176921\" data-element_type=\"container\" data-e-type=\"container\">\n\t\t\t\t<div class=\"elementor-element elementor-element-de3f9a4 elementor-widget elementor-widget-image\" data-id=\"de3f9a4\" data-element_type=\"widget\" data-e-type=\"widget\" data-widget_type=\"image.default\">\n\t\t\t\t<div class=\"elementor-widget-container\">\n\t\t\t\t\t\t\t\t\t\t\t\t\t\t\t<img decoding=\"async\" width=\"800\" height=\"805\" src=\"https:\/\/stage.swisslearning.com\/wp-content\/uploads\/2021\/08\/Screenshot-2021-08-06-at-23.24.06.png\" class=\"attachment-large size-large wp-image-7700\" alt=\"\" srcset=\"https:\/\/stage.swisslearning.com\/wp-content\/uploads\/2021\/08\/Screenshot-2021-08-06-at-23.24.06.png 950w, https:\/\/stage.swisslearning.com\/wp-content\/uploads\/2021\/08\/Screenshot-2021-08-06-at-23.24.06-298x300.png 298w, https:\/\/stage.swisslearning.com\/wp-content\/uploads\/2021\/08\/Screenshot-2021-08-06-at-23.24.06-150x150.png 150w, https:\/\/stage.swisslearning.com\/wp-content\/uploads\/2021\/08\/Screenshot-2021-08-06-at-23.24.06-768x773.png 768w\" sizes=\"(max-width: 800px) 100vw, 800px\" \/>\t\t\t\t\t\t\t\t\t\t\t\t\t\t\t<\/div>\n\t\t\t\t<\/div>\n\t\t\t\t<div class=\"elementor-element elementor-element-b637d02 elementor-widget elementor-widget-spacer\" data-id=\"b637d02\" data-element_type=\"widget\" data-e-type=\"widget\" data-widget_type=\"spacer.default\">\n\t\t\t\t<div class=\"elementor-widget-container\">\n\t\t\t\t\t\t\t<div class=\"elementor-spacer\">\n\t\t\t<div class=\"elementor-spacer-inner\"><\/div>\n\t\t<\/div>\n\t\t\t\t\t\t<\/div>\n\t\t\t\t<\/div>\n\t\t\t\t<div class=\"elementor-element elementor-element-fb43608 elementor-widget elementor-widget-heading\" data-id=\"fb43608\" data-element_type=\"widget\" data-e-type=\"widget\" data-widget_type=\"heading.default\">\n\t\t\t\t<div class=\"elementor-widget-container\">\n\t\t\t\t\t<h3 class=\"elementor-heading-title elementor-size-default\">Notre \u00e9quipe se consacre \u00e0 aider les parents et les \u00e9tudiants qui recherchent un internat ou une \u00e9cole h\u00f4teli\u00e8re en Suisse.<\/h3>\t\t\t\t<\/div>\n\t\t\t\t<\/div>\n\t\t\t\t<\/div>\n\t\t\t\t\t<\/div>\n\t\t\t\t<\/div>\n\t\t<div class=\"elementor-element elementor-element-587666e e-flex e-con-boxed e-con e-parent\" data-id=\"587666e\" data-element_type=\"container\" data-e-type=\"container\">\n\t\t\t\t\t<div class=\"e-con-inner\">\n\t\t<div class=\"elementor-element elementor-element-d626ece e-con-full e-flex e-con e-child\" data-id=\"d626ece\" data-element_type=\"container\" data-e-type=\"container\">\n\t\t\t\t<div class=\"elementor-element elementor-element-f85cee3 elementor-widget elementor-widget-heading\" data-id=\"f85cee3\" data-element_type=\"widget\" data-e-type=\"widget\" data-widget_type=\"heading.default\">\n\t\t\t\t<div class=\"elementor-widget-container\">\n\t\t\t\t\t<h3 class=\"elementor-heading-title elementor-size-default\">Service de limousine et de chauffeur<\/h3>\t\t\t\t<\/div>\n\t\t\t\t<\/div>\n\t\t\t\t<div class=\"elementor-element elementor-element-91d563f elementor-widget elementor-widget-image\" data-id=\"91d563f\" data-element_type=\"widget\" data-e-type=\"widget\" data-widget_type=\"image.default\">\n\t\t\t\t<div class=\"elementor-widget-container\">\n\t\t\t\t\t\t\t\t\t\t\t\t\t\t\t<img decoding=\"async\" width=\"800\" height=\"534\" src=\"https:\/\/stage.swisslearning.com\/wp-content\/uploads\/2021\/06\/limozine-1024x683.jpeg\" class=\"attachment-large size-large wp-image-149\" alt=\"Service de limousine\" srcset=\"https:\/\/stage.swisslearning.com\/wp-content\/uploads\/2021\/06\/limozine-1024x683.jpeg 1024w, https:\/\/stage.swisslearning.com\/wp-content\/uploads\/2021\/06\/limozine-300x200.jpeg 300w, https:\/\/stage.swisslearning.com\/wp-content\/uploads\/2021\/06\/limozine-768x512.jpeg 768w, https:\/\/stage.swisslearning.com\/wp-content\/uploads\/2021\/06\/limozine.jpeg 1440w\" sizes=\"(max-width: 800px) 100vw, 800px\" \/>\t\t\t\t\t\t\t\t\t\t\t\t\t\t\t<\/div>\n\t\t\t\t<\/div>\n\t\t\t\t<div class=\"elementor-element elementor-element-c290982 elementor-widget elementor-widget-text-editor\" data-id=\"c290982\" data-element_type=\"widget\" data-e-type=\"widget\" data-widget_type=\"text-editor.default\">\n\t\t\t\t<div class=\"elementor-widget-container\">\n\t\t\t\t\t\t\t\t\t<p>Visitez nos \u00e9coles Swiss Learning avec notre service de chauffeur et voyagez confortablement dans une Mercedes-Benz Classe S.<\/p><p><span style=\"color: var( --e-global-color-text ); font-family: var( --e-global-typography-text-font-family ), Sans-serif; font-size: var( --e-global-typography-text-font-size ); font-weight: var( --e-global-typography-text-font-weight );\">En plus de visiter nos <\/span><a style=\"font-family: var( --e-global-typography-text-font-family ), Sans-serif; font-size: var( --e-global-typography-text-font-size ); font-weight: var( --e-global-typography-text-font-weight ); background-color: #ffffff;\" href=\"https:\/\/swisslearning.com\/boarding-schools\/\">internats et \u00e9coles h\u00f4teli\u00e8res<\/a><span style=\"color: var( --e-global-color-text ); font-family: var( --e-global-typography-text-font-family ), Sans-serif; font-size: var( --e-global-typography-text-font-size ); font-weight: var( --e-global-typography-text-font-weight );\">, le service de chauffeur Swiss Learning vous offre la possibilit\u00e9 de vous accompagner lors de vos visites touristiques, shopping, restauration ou encore lors de vos rendez-vous et d\u00e9placements professionnels.<\/span><\/p><p>Nos chauffeurs sont ponctuels, fiables et courtois.\u00a0<\/p><p>Notre v\u00e9hicule peut accueillir confortablement jusqu&#039;\u00e0 quatre passagers.<\/p><p>Pour plus d&#039;informations, veuillez <a href=\"https:\/\/stage.swisslearning.com\/fr\/contact\/\">contacter un repr\u00e9sentant Swiss Learning proche de chez vous<\/a>.<\/p>\t\t\t\t\t\t\t\t<\/div>\n\t\t\t\t<\/div>\n\t\t\t\t<\/div>\n\t\t<div class=\"elementor-element elementor-element-2ea8f8c e-con-full e-flex e-con e-child\" data-id=\"2ea8f8c\" data-element_type=\"container\" data-e-type=\"container\">\n\t\t\t\t<div class=\"elementor-element elementor-element-f221339 elementor-widget elementor-widget-heading\" data-id=\"f221339\" data-element_type=\"widget\" data-e-type=\"widget\" data-widget_type=\"heading.default\">\n\t\t\t\t<div class=\"elementor-widget-container\">\n\t\t\t\t\t<h3 class=\"elementor-heading-title elementor-size-default\">Beau-Rivage Palace <\/h3>\t\t\t\t<\/div>\n\t\t\t\t<\/div>\n\t\t\t\t<div class=\"elementor-element elementor-element-67ec414 elementor-widget elementor-widget-image\" data-id=\"67ec414\" data-element_type=\"widget\" data-e-type=\"widget\" data-widget_type=\"image.default\">\n\t\t\t\t<div class=\"elementor-widget-container\">\n\t\t\t\t\t\t\t\t\t\t\t\t\t\t\t\t<a href=\"https:\/\/www.brp.ch\">\n\t\t\t\t\t\t\t<img loading=\"lazy\" decoding=\"async\" width=\"800\" height=\"534\" src=\"https:\/\/stage.swisslearning.com\/wp-content\/uploads\/2021\/06\/Beau-Rivage-Palace-1024x683.jpeg\" class=\"attachment-large size-large wp-image-150\" alt=\"\" srcset=\"https:\/\/stage.swisslearning.com\/wp-content\/uploads\/2021\/06\/Beau-Rivage-Palace-1024x683.jpeg 1024w, https:\/\/stage.swisslearning.com\/wp-content\/uploads\/2021\/06\/Beau-Rivage-Palace-300x200.jpeg 300w, https:\/\/stage.swisslearning.com\/wp-content\/uploads\/2021\/06\/Beau-Rivage-Palace-768x512.jpeg 768w, https:\/\/stage.swisslearning.com\/wp-content\/uploads\/2021\/06\/Beau-Rivage-Palace.jpeg 1440w\" sizes=\"(max-width: 800px) 100vw, 800px\" \/>\t\t\t\t\t\t\t\t<\/a>\n\t\t\t\t\t\t\t\t\t\t\t\t\t\t\t<\/div>\n\t\t\t\t<\/div>\n\t\t\t\t<div class=\"elementor-element elementor-element-c547ea0 elementor-widget elementor-widget-text-editor\" data-id=\"c547ea0\" data-element_type=\"widget\" data-e-type=\"widget\" data-widget_type=\"text-editor.default\">\n\t\t\t\t<div class=\"elementor-widget-container\">\n\t\t\t\t\t\t\t\t\t<p>Le Beau-Rivage Palace est l'un des h\u00f4tels de luxe embl\u00e9matiques de Suisse, qui se distingue par sa tradition suisse et son service.<\/p><p>Situ\u00e9s dans un parc de 4 hectares  sur les rives du lac L\u00e9man, les \u00e9l\u00e9gants b\u00e2timents Belle \u00c9poque du Beau-Rivage Palace offrent une vue imprenable sur le lac et les majestueuses Alpes fran\u00e7aises au-del\u00e0.<\/p><p>\u00c0 seulement 40 minutes en voiture de l'a\u00e9roport international de Gen\u00e8ve et \u00e0 2 heures de l'a\u00e9roport international de Zurich, le Beau-Rivage Palace est v\u00e9ritablement au c\u0153ur de l'Europe.<\/p><p>D\u00e9couvrez le Beau-Rivage Palace \u00e0 un tarif pr\u00e9f\u00e9rentiel Swiss Learning lors d&#039;un de vos voyages en Suisse.<\/p><p><a href=\"https:\/\/swisslearning.com\/contact\/\">Contactez un de nos repr\u00e9sentants<\/a>\u00a0pr\u00e8s de chez vous pour r\u00e9server votre s\u00e9jour.<\/p>\t\t\t\t\t\t\t\t<\/div>\n\t\t\t\t<\/div>\n\t\t\t\t<\/div>\n\t\t\t\t\t<\/div>\n\t\t\t\t<\/div>\n\t\t<div class=\"elementor-element elementor-element-b3d413d e-con-full e-flex e-con e-parent\" data-id=\"b3d413d\" data-element_type=\"container\" data-e-type=\"container\" data-settings=\"{&quot;background_background&quot;:&quot;classic&quot;}\">\n\t\t<div class=\"elementor-element elementor-element-f2ae9be e-con-full e-flex e-con e-child\" data-id=\"f2ae9be\" data-element_type=\"container\" data-e-type=\"container\">\n\t\t\t\t<div class=\"elementor-element elementor-element-3698772 elementor-widget elementor-widget-heading\" data-id=\"3698772\" data-element_type=\"widget\" data-e-type=\"widget\" data-widget_type=\"heading.default\">\n\t\t\t\t<div class=\"elementor-widget-container\">\n\t\t\t\t\t<h2 class=\"elementor-heading-title elementor-size-default\">CONSULTATIONS PERSONNALISEES<\/h2>\t\t\t\t<\/div>\n\t\t\t\t<\/div>\n\t\t\t\t<div class=\"elementor-element elementor-element-4013c52 elementor-align-center elementor-widget elementor-widget-button\" data-id=\"4013c52\" data-element_type=\"widget\" data-e-type=\"widget\" data-widget_type=\"button.default\">\n\t\t\t\t<div class=\"elementor-widget-container\">\n\t\t\t\t\t\t\t\t\t<div class=\"elementor-button-wrapper\">\n\t\t\t\t\t<a class=\"elementor-button elementor-button-link elementor-size-sm\" href=\"https:\/\/swisslearning.com\/contact\/\">\n\t\t\t\t\t\t<span class=\"elementor-button-content-wrapper\">\n\t\t\t\t\t\t\t\t\t<span class=\"elementor-button-text\">Contactez un bureau Swiss Learning pr\u00e8s de chez vous<\/span>\n\t\t\t\t\t<\/span>\n\t\t\t\t\t<\/a>\n\t\t\t\t<\/div>\n\t\t\t\t\t\t\t\t<\/div>\n\t\t\t\t<\/div>\n\t\t\t\t<\/div>\n\t\t\t\t<\/div>\n\t\t\t\t<\/div>","protected":false},"excerpt":{"rendered":"<p>Boarding SchoolsPlacement Services Boarding Schools and Hotel Schools Placement Services With over a decade of experience working closely with each of the 15 boarding schools and 2 hotel management schools\u00a0that we represent around the world, our team has the full knowledge and understanding to help you and your child find the right school. After carefully [&hellip;]<\/p>\n","protected":false},"author":1,"featured_media":144,"parent":0,"menu_order":0,"comment_status":"closed","ping_status":"closed","template":"","meta":{"footnotes":""},"class_list":["post-147","page","type-page","status-publish","has-post-thumbnail","hentry"],"yoast_head":"<!-- This site is optimized with the Yoast SEO plugin v27.3 - https:\/\/yoast.com\/product\/yoast-seo-wordpress\/ -->\n<title>Swiss Learning - boarding school placement service<\/title>\n<meta name=\"description\" content=\"Working closely with each boarding and hotel school that we represent, our team has the full knowledge in boarding school placement service\" \/>\n<meta name=\"robots\" content=\"noindex, follow, max-snippet:-1, max-image-preview:large, max-video-preview:-1\" \/>\n<meta property=\"og:locale\" content=\"fr_FR\" \/>\n<meta property=\"og:type\" content=\"article\" \/>\n<meta property=\"og:title\" content=\"Swiss Learning - boarding school placement service\" \/>\n<meta property=\"og:description\" content=\"Working closely with each boarding and hotel school that we represent, our team has the full knowledge in boarding school placement service\" \/>\n<meta property=\"og:url\" content=\"https:\/\/stage.swisslearning.com\/fr\/our-services\/\" \/>\n<meta property=\"og:site_name\" content=\"Swiss Learning\" \/>\n<meta property=\"article:publisher\" content=\"https:\/\/www.facebook.com\/swisslearning\" \/>\n<meta property=\"article:modified_time\" content=\"2025-10-17T21:19:12+00:00\" \/>\n<meta property=\"og:image\" content=\"https:\/\/stage.swisslearning.com\/wp-content\/uploads\/2021\/06\/logo_SL.jpg\" \/>\n\t<meta property=\"og:image:width\" content=\"200\" \/>\n\t<meta property=\"og:image:height\" content=\"200\" \/>\n\t<meta property=\"og:image:type\" content=\"image\/jpeg\" \/>\n<meta name=\"twitter:card\" content=\"summary_large_image\" \/>\n<meta name=\"twitter:label1\" content=\"Dur\u00e9e de lecture estim\u00e9e\" \/>\n\t<meta name=\"twitter:data1\" content=\"3 minutes\" \/>\n<script type=\"application\/ld+json\" class=\"yoast-schema-graph\">{\"@context\":\"https:\\\/\\\/schema.org\",\"@graph\":[{\"@type\":\"WebPage\",\"@id\":\"https:\\\/\\\/stage.swisslearning.com\\\/our-services\\\/\",\"url\":\"https:\\\/\\\/stage.swisslearning.com\\\/our-services\\\/\",\"name\":\"Swiss Learning - boarding school placement service\",\"isPartOf\":{\"@id\":\"https:\\\/\\\/stage.swisslearning.com\\\/#website\"},\"primaryImageOfPage\":{\"@id\":\"https:\\\/\\\/stage.swisslearning.com\\\/our-services\\\/#primaryimage\"},\"image\":{\"@id\":\"https:\\\/\\\/stage.swisslearning.com\\\/our-services\\\/#primaryimage\"},\"thumbnailUrl\":\"https:\\\/\\\/stage.swisslearning.com\\\/wp-content\\\/uploads\\\/2021\\\/06\\\/logo_SL.jpg\",\"datePublished\":\"2021-06-06T18:45:11+00:00\",\"dateModified\":\"2025-10-17T21:19:12+00:00\",\"description\":\"Working closely with each boarding and hotel school that we represent, our team has the full knowledge in boarding school placement service\",\"breadcrumb\":{\"@id\":\"https:\\\/\\\/stage.swisslearning.com\\\/our-services\\\/#breadcrumb\"},\"inLanguage\":\"fr-FR\",\"potentialAction\":[{\"@type\":\"ReadAction\",\"target\":[\"https:\\\/\\\/stage.swisslearning.com\\\/our-services\\\/\"]}]},{\"@type\":\"ImageObject\",\"inLanguage\":\"fr-FR\",\"@id\":\"https:\\\/\\\/stage.swisslearning.com\\\/our-services\\\/#primaryimage\",\"url\":\"https:\\\/\\\/stage.swisslearning.com\\\/wp-content\\\/uploads\\\/2021\\\/06\\\/logo_SL.jpg\",\"contentUrl\":\"https:\\\/\\\/stage.swisslearning.com\\\/wp-content\\\/uploads\\\/2021\\\/06\\\/logo_SL.jpg\",\"width\":200,\"height\":200},{\"@type\":\"BreadcrumbList\",\"@id\":\"https:\\\/\\\/stage.swisslearning.com\\\/our-services\\\/#breadcrumb\",\"itemListElement\":[{\"@type\":\"ListItem\",\"position\":1,\"name\":\"Home\",\"item\":\"https:\\\/\\\/stage.swisslearning.com\\\/\"},{\"@type\":\"ListItem\",\"position\":2,\"name\":\"Swiss Learning Services\"}]},{\"@type\":\"WebSite\",\"@id\":\"https:\\\/\\\/stage.swisslearning.com\\\/#website\",\"url\":\"https:\\\/\\\/stage.swisslearning.com\\\/\",\"name\":\"Swiss Learning\",\"description\":\"BOARDING SCHOOLS, HOTEL MANAGEMENT SCHOOLS AND CAMPS IN SWITZERLAND\",\"publisher\":{\"@id\":\"https:\\\/\\\/stage.swisslearning.com\\\/#organization\"},\"potentialAction\":[{\"@type\":\"SearchAction\",\"target\":{\"@type\":\"EntryPoint\",\"urlTemplate\":\"https:\\\/\\\/stage.swisslearning.com\\\/?s={search_term_string}\"},\"query-input\":{\"@type\":\"PropertyValueSpecification\",\"valueRequired\":true,\"valueName\":\"search_term_string\"}}],\"inLanguage\":\"fr-FR\"},{\"@type\":\"Organization\",\"@id\":\"https:\\\/\\\/stage.swisslearning.com\\\/#organization\",\"name\":\"Swiss Learning\",\"url\":\"https:\\\/\\\/stage.swisslearning.com\\\/\",\"logo\":{\"@type\":\"ImageObject\",\"inLanguage\":\"fr-FR\",\"@id\":\"https:\\\/\\\/stage.swisslearning.com\\\/#\\\/schema\\\/logo\\\/image\\\/\",\"url\":\"https:\\\/\\\/stage.swisslearning.com\\\/wp-content\\\/uploads\\\/2021\\\/06\\\/swiss-learning_logo.svg\",\"contentUrl\":\"https:\\\/\\\/stage.swisslearning.com\\\/wp-content\\\/uploads\\\/2021\\\/06\\\/swiss-learning_logo.svg\",\"width\":208,\"height\":56,\"caption\":\"Swiss Learning\"},\"image\":{\"@id\":\"https:\\\/\\\/stage.swisslearning.com\\\/#\\\/schema\\\/logo\\\/image\\\/\"},\"sameAs\":[\"https:\\\/\\\/www.facebook.com\\\/swisslearning\",\"https:\\\/\\\/www.instagram.com\\\/swisslearning\\\/\",\"https:\\\/\\\/www.linkedin.com\\\/company\\\/35552129\\\/admin\\\/\"]}]}<\/script>\n<!-- \/ Yoast SEO plugin. -->","yoast_head_json":{"title":"Swiss Learning - service de placement en internat","description":"Travaillant en \u00e9troite collaboration avec chaque internat et \u00e9cole h\u00f4teli\u00e8re que nous repr\u00e9sentons, notre \u00e9quipe a toute la connaissance du service de placement en internat","robots":{"index":"noindex","follow":"follow","max-snippet":"max-snippet:-1","max-image-preview":"max-image-preview:large","max-video-preview":"max-video-preview:-1"},"og_locale":"fr_FR","og_type":"article","og_title":"Swiss Learning - boarding school placement service","og_description":"Working closely with each boarding and hotel school that we represent, our team has the full knowledge in boarding school placement service","og_url":"https:\/\/stage.swisslearning.com\/fr\/our-services\/","og_site_name":"Swiss Learning","article_publisher":"https:\/\/www.facebook.com\/swisslearning","article_modified_time":"2025-10-17T21:19:12+00:00","og_image":[{"width":200,"height":200,"url":"https:\/\/stage.swisslearning.com\/wp-content\/uploads\/2021\/06\/logo_SL.jpg","type":"image\/jpeg"}],"twitter_card":"summary_large_image","twitter_misc":{"Dur\u00e9e de lecture estim\u00e9e":"3 minutes"},"schema":{"@context":"https:\/\/schema.org","@graph":[{"@type":"WebPage","@id":"https:\/\/stage.swisslearning.com\/our-services\/","url":"https:\/\/stage.swisslearning.com\/our-services\/","name":"Swiss Learning - service de placement en internat","isPartOf":{"@id":"https:\/\/stage.swisslearning.com\/#website"},"primaryImageOfPage":{"@id":"https:\/\/stage.swisslearning.com\/our-services\/#primaryimage"},"image":{"@id":"https:\/\/stage.swisslearning.com\/our-services\/#primaryimage"},"thumbnailUrl":"https:\/\/stage.swisslearning.com\/wp-content\/uploads\/2021\/06\/logo_SL.jpg","datePublished":"2021-06-06T18:45:11+00:00","dateModified":"2025-10-17T21:19:12+00:00","description":"Travaillant en \u00e9troite collaboration avec chaque internat et \u00e9cole h\u00f4teli\u00e8re que nous repr\u00e9sentons, notre \u00e9quipe a toute la connaissance du service de placement en internat","breadcrumb":{"@id":"https:\/\/stage.swisslearning.com\/our-services\/#breadcrumb"},"inLanguage":"fr-FR","potentialAction":[{"@type":"ReadAction","target":["https:\/\/stage.swisslearning.com\/our-services\/"]}]},{"@type":"ImageObject","inLanguage":"fr-FR","@id":"https:\/\/stage.swisslearning.com\/our-services\/#primaryimage","url":"https:\/\/stage.swisslearning.com\/wp-content\/uploads\/2021\/06\/logo_SL.jpg","contentUrl":"https:\/\/stage.swisslearning.com\/wp-content\/uploads\/2021\/06\/logo_SL.jpg","width":200,"height":200},{"@type":"BreadcrumbList","@id":"https:\/\/stage.swisslearning.com\/our-services\/#breadcrumb","itemListElement":[{"@type":"ListItem","position":1,"name":"Home","item":"https:\/\/stage.swisslearning.com\/"},{"@type":"ListItem","position":2,"name":"Swiss Learning Services"}]},{"@type":"WebSite","@id":"https:\/\/stage.swisslearning.com\/#website","url":"https:\/\/stage.swisslearning.com\/","name":"Apprentissage suisse","description":"INTERNATS, \u00c9COLES H\u00d4TELI\u00c8RES ET CAMPS EN SUISSE","publisher":{"@id":"https:\/\/stage.swisslearning.com\/#organization"},"potentialAction":[{"@type":"SearchAction","target":{"@type":"EntryPoint","urlTemplate":"https:\/\/stage.swisslearning.com\/?s={search_term_string}"},"query-input":{"@type":"PropertyValueSpecification","valueRequired":true,"valueName":"search_term_string"}}],"inLanguage":"fr-FR"},{"@type":"Organization","@id":"https:\/\/stage.swisslearning.com\/#organization","name":"Apprentissage suisse","url":"https:\/\/stage.swisslearning.com\/","logo":{"@type":"ImageObject","inLanguage":"fr-FR","@id":"https:\/\/stage.swisslearning.com\/#\/schema\/logo\/image\/","url":"https:\/\/stage.swisslearning.com\/wp-content\/uploads\/2021\/06\/swiss-learning_logo.svg","contentUrl":"https:\/\/stage.swisslearning.com\/wp-content\/uploads\/2021\/06\/swiss-learning_logo.svg","width":208,"height":56,"caption":"Swiss Learning"},"image":{"@id":"https:\/\/stage.swisslearning.com\/#\/schema\/logo\/image\/"},"sameAs":["https:\/\/www.facebook.com\/swisslearning","https:\/\/www.instagram.com\/swisslearning\/","https:\/\/www.linkedin.com\/company\/35552129\/admin\/"]}]}},"_links":{"self":[{"href":"https:\/\/stage.swisslearning.com\/fr\/wp-json\/wp\/v2\/pages\/147","targetHints":{"allow":["GET"]}}],"collection":[{"href":"https:\/\/stage.swisslearning.com\/fr\/wp-json\/wp\/v2\/pages"}],"about":[{"href":"https:\/\/stage.swisslearning.com\/fr\/wp-json\/wp\/v2\/types\/page"}],"author":[{"embeddable":true,"href":"https:\/\/stage.swisslearning.com\/fr\/wp-json\/wp\/v2\/users\/1"}],"replies":[{"embeddable":true,"href":"https:\/\/stage.swisslearning.com\/fr\/wp-json\/wp\/v2\/comments?post=147"}],"version-history":[{"count":106,"href":"https:\/\/stage.swisslearning.com\/fr\/wp-json\/wp\/v2\/pages\/147\/revisions"}],"predecessor-version":[{"id":14226,"href":"https:\/\/stage.swisslearning.com\/fr\/wp-json\/wp\/v2\/pages\/147\/revisions\/14226"}],"wp:featuredmedia":[{"embeddable":true,"href":"https:\/\/stage.swisslearning.com\/fr\/wp-json\/wp\/v2\/media\/144"}],"wp:attachment":[{"href":"https:\/\/stage.swisslearning.com\/fr\/wp-json\/wp\/v2\/media?parent=147"}],"curies":[{"name":"wp","href":"https:\/\/api.w.org\/{rel}","templated":true}]}}